{"id":33,"date":"2016-05-14T11:16:21","date_gmt":"2016-05-14T09:16:21","guid":{"rendered":"http:\/\/www.seniorenbund-kufstein.at\/?page_id=33"},"modified":"2023-08-07T21:13:57","modified_gmt":"2023-08-07T19:13:57","slug":"vorstand-2","status":"publish","type":"page","link":"https:\/\/www.seniorenbund-kufstein.at\/?page_id=33","title":{"rendered":"Vorstand"},"content":{"rendered":"\n<h2 class=\"wp-block-heading\">Das Vorstandsteam-neu 2023<\/h2>\n\n\n\n<div class=\"wp-block-media-text alignwide is-stacked-on-mobile\" style=\"grid-template-columns:85% auto\"><figure class=\"wp-block-media-text__media\"><img loading=\"lazy\" decoding=\"async\" width=\"1024\" height=\"739\" src=\"https:\/\/www.seniorenbund-kufstein.at\/wp-content\/uploads\/2023\/08\/Vorstand-neu-2023-1-1024x739.jpg\" alt=\"\" class=\"wp-image-3573 size-full\" srcset=\"https:\/\/www.seniorenbund-kufstein.at\/wp-content\/uploads\/2023\/08\/Vorstand-neu-2023-1-1024x739.jpg 1024w, https:\/\/www.seniorenbund-kufstein.at\/wp-content\/uploads\/2023\/08\/Vorstand-neu-2023-1-300x217.jpg 300w, https:\/\/www.seniorenbund-kufstein.at\/wp-content\/uploads\/2023\/08\/Vorstand-neu-2023-1-768x555.jpg 768w, https:\/\/www.seniorenbund-kufstein.at\/wp-content\/uploads\/2023\/08\/Vorstand-neu-2023-1-1536x1109.jpg 1536w, https:\/\/www.seniorenbund-kufstein.at\/wp-content\/uploads\/2023\/08\/Vorstand-neu-2023-1-2048x1479.jpg 2048w\" sizes=\"auto, (max-width: 1024px) 100vw, 1024px\" \/><\/figure><div class=\"wp-block-media-text__content\">\n<p><\/p>\n<\/div><\/div>\n\n\n\n<h2 class=\"wp-block-heading\">Die Vortandsmitglieder Hans,Waltraut, Lisbeth,Anni,Kuni.Marianne,Rosi und Johann<\/h2>\n\n\n\n<figure class=\"wp-block-gallery has-nested-images columns-default is-cropped wp-block-gallery-1 is-layout-flex wp-block-gallery-is-layout-flex\"><\/figure>\n\n\n\n\n<h2>Das Vorstandsteam<\/h2>\n<p>Bei der Jahreshauptversammlung am 08.10.2021 wurde folgendes Team einstimmig gew\u00e4hlt:<\/p>\n<p>Obmann: Kunibert Rauch<\/p>\n<p>Obmannstellvertreterin: Rosi Eisenmann<\/p>\n<p>Schriftf\u00fchrer: Hans Pickl<\/p>\n<p>Kassierin: Anni Rauch<\/p>\n<p>Mitgliederverwaltung; Marianne Laiminger<\/p>\n<p>Halb-Tagesfahrten: Elfriede Rieder<\/p>\n<p>Kassapr\u00fcfer: Hans Huber und Dr.Erich Demetz<\/p>\n<p>Beir\u00e4te:<\/p>\n<p>Spielenachmittag: Lisbeth G\u00fcttersberger<\/p>\n<p>Kegeln: Johann Benedikt<\/p>\n<p>Tanzen: Marianne Leiminger und Kuni Rauch<\/p>\n<p><\/p>\n\n\n<figure class=\"wp-block-gallery has-nested-images columns-default is-cropped wp-block-gallery-2 is-layout-flex wp-block-gallery-is-layout-flex\">\n<figure class=\"wp-block-image size-large\"><img loading=\"lazy\" decoding=\"async\" width=\"1024\" height=\"647\" data-id=\"3191\" src=\"https:\/\/www.seniorenbund-kufstein.at\/wp-content\/uploads\/2022\/04\/H4352.jpg-nach-der-Wahl-1024x647.jpg\" alt=\"\" class=\"wp-image-3191\" srcset=\"https:\/\/www.seniorenbund-kufstein.at\/wp-content\/uploads\/2022\/04\/H4352.jpg-nach-der-Wahl-1024x647.jpg 1024w, https:\/\/www.seniorenbund-kufstein.at\/wp-content\/uploads\/2022\/04\/H4352.jpg-nach-der-Wahl-300x189.jpg 300w, https:\/\/www.seniorenbund-kufstein.at\/wp-content\/uploads\/2022\/04\/H4352.jpg-nach-der-Wahl-768x485.jpg 768w, https:\/\/www.seniorenbund-kufstein.at\/wp-content\/uploads\/2022\/04\/H4352.jpg-nach-der-Wahl-1536x970.jpg 1536w, https:\/\/www.seniorenbund-kufstein.at\/wp-content\/uploads\/2022\/04\/H4352.jpg-nach-der-Wahl-2048x1293.jpg 2048w\" sizes=\"auto, (max-width: 1024px) 100vw, 1024px\" \/><\/figure>\n<figcaption class=\"blocks-gallery-caption wp-element-caption\">Der neugew\u00e4hlte Vorstand mit den Ehreng\u00e4sten<\/figcaption><\/figure>\n\n\n\n<figure class=\"wp-block-image size-large\"><img loading=\"lazy\" decoding=\"async\" width=\"739\" height=\"1024\" src=\"https:\/\/www.seniorenbund-kufstein.at\/wp-content\/uploads\/2021\/10\/Z8547-1-739x1024.jpg\" alt=\"\" class=\"wp-image-2985\"\/><figcaption class=\"wp-element-caption\">Obmann Kunibert Rauch<\/figcaption><\/figure>\n\n\n\n<figure class=\"wp-block-image size-large\"><img loading=\"lazy\" decoding=\"async\" width=\"739\" height=\"1024\" src=\"https:\/\/www.seniorenbund-kufstein.at\/wp-content\/uploads\/2021\/10\/Z8474-739x1024.jpg\" alt=\"\" class=\"wp-image-2997\" srcset=\"https:\/\/www.seniorenbund-kufstein.at\/wp-content\/uploads\/2021\/10\/Z8474-739x1024.jpg 739w, https:\/\/www.seniorenbund-kufstein.at\/wp-content\/uploads\/2021\/10\/Z8474-217x300.jpg 217w, https:\/\/www.seniorenbund-kufstein.at\/wp-content\/uploads\/2021\/10\/Z8474-768x1064.jpg 768w, https:\/\/www.seniorenbund-kufstein.at\/wp-content\/uploads\/2021\/10\/Z8474-1109x1536.jpg 1109w, https:\/\/www.seniorenbund-kufstein.at\/wp-content\/uploads\/2021\/10\/Z8474-1479x2048.jpg 1479w, https:\/\/www.seniorenbund-kufstein.at\/wp-content\/uploads\/2021\/10\/Z8474.jpg 1535w\" sizes=\"auto, (max-width: 739px) 100vw, 739px\" \/><figcaption class=\"wp-element-caption\">Obmannstellvertreterin Rosi Eisenmann<\/figcaption><\/figure>\n\n\n\n<figure class=\"wp-block-image size-large\"><img loading=\"lazy\" decoding=\"async\" width=\"739\" height=\"1024\" src=\"https:\/\/www.seniorenbund-kufstein.at\/wp-content\/uploads\/2021\/10\/Z8508-739x1024.jpg\" alt=\"\" class=\"wp-image-3003\" srcset=\"https:\/\/www.seniorenbund-kufstein.at\/wp-content\/uploads\/2021\/10\/Z8508-739x1024.jpg 739w, https:\/\/www.seniorenbund-kufstein.at\/wp-content\/uploads\/2021\/10\/Z8508-217x300.jpg 217w, https:\/\/www.seniorenbund-kufstein.at\/wp-content\/uploads\/2021\/10\/Z8508-768x1064.jpg 768w, https:\/\/www.seniorenbund-kufstein.at\/wp-content\/uploads\/2021\/10\/Z8508-1109x1536.jpg 1109w, https:\/\/www.seniorenbund-kufstein.at\/wp-content\/uploads\/2021\/10\/Z8508-1479x2048.jpg 1479w, https:\/\/www.seniorenbund-kufstein.at\/wp-content\/uploads\/2021\/10\/Z8508.jpg 1535w\" sizes=\"auto, (max-width: 739px) 100vw, 739px\" \/><figcaption class=\"wp-element-caption\">Kassierin Anni Rauch<\/figcaption><\/figure>\n\n\n\n<figure class=\"wp-block-image size-large\"><img loading=\"lazy\" decoding=\"async\" width=\"739\" height=\"1024\" src=\"https:\/\/www.seniorenbund-kufstein.at\/wp-content\/uploads\/2021\/10\/Z8510-739x1024.jpg\" alt=\"\" class=\"wp-image-3005\" srcset=\"https:\/\/www.seniorenbund-kufstein.at\/wp-content\/uploads\/2021\/10\/Z8510-739x1024.jpg 739w, https:\/\/www.seniorenbund-kufstein.at\/wp-content\/uploads\/2021\/10\/Z8510-217x300.jpg 217w, https:\/\/www.seniorenbund-kufstein.at\/wp-content\/uploads\/2021\/10\/Z8510-768x1064.jpg 768w, https:\/\/www.seniorenbund-kufstein.at\/wp-content\/uploads\/2021\/10\/Z8510-1109x1536.jpg 1109w, https:\/\/www.seniorenbund-kufstein.at\/wp-content\/uploads\/2021\/10\/Z8510-1479x2048.jpg 1479w, https:\/\/www.seniorenbund-kufstein.at\/wp-content\/uploads\/2021\/10\/Z8510.jpg 1535w\" sizes=\"auto, (max-width: 739px) 100vw, 739px\" \/><figcaption class=\"wp-element-caption\">Mitgliederverwaltung Marianne Laiminger<\/figcaption><\/figure>\n\n\n\n<figure class=\"wp-block-image size-large\"><img loading=\"lazy\" decoding=\"async\" width=\"1024\" height=\"739\" src=\"https:\/\/www.seniorenbund-kufstein.at\/wp-content\/uploads\/2021\/10\/Z8466-1024x739.jpg\" alt=\"\" class=\"wp-image-3008\" srcset=\"https:\/\/www.seniorenbund-kufstein.at\/wp-content\/uploads\/2021\/10\/Z8466-1024x739.jpg 1024w, https:\/\/www.seniorenbund-kufstein.at\/wp-content\/uploads\/2021\/10\/Z8466-300x217.jpg 300w, https:\/\/www.seniorenbund-kufstein.at\/wp-content\/uploads\/2021\/10\/Z8466-768x555.jpg 768w, https:\/\/www.seniorenbund-kufstein.at\/wp-content\/uploads\/2021\/10\/Z8466-1536x1109.jpg 1536w, https:\/\/www.seniorenbund-kufstein.at\/wp-content\/uploads\/2021\/10\/Z8466-2048x1479.jpg 2048w\" sizes=\"auto, (max-width: 1024px) 100vw, 1024px\" \/><figcaption class=\"wp-element-caption\">Kassapr\u00fcfer Dr.Erich Demetz und Hans Huber<\/figcaption><\/figure>\n\n\n\n<div class=\"wp-block-jetpack-blogging-prompt jetpack-blogging-prompt\"><div class=\"jetpack-blogging-prompt__label\"><\/div><div class=\"jetpack-blogging-prompt__text\"><\/div><\/div>\n\n\n\n<h2 class=\"wp-block-heading\"><\/h2>\n","protected":false},"excerpt":{"rendered":"<p>Das Vorstandsteam-neu 2023 Die Vortandsmitglieder Hans,Waltraut, Lisbeth,Anni,Kuni.Marianne,Rosi und Johann Das Vorstandsteam Bei der Jahreshauptversammlung am 08.10.2021 wurde folgendes Team einstimmig gew\u00e4hlt: Obmann: Kunibert Rauch Obmannstellvertreterin: Rosi Eisenmann Schriftf\u00fchrer: Hans Pickl Kassierin: Anni Rauch Mitgliederverwaltung; Marianne Laiminger Halb-Tagesfahrten: Elfriede Rieder Kassapr\u00fcfer: Hans Huber und Dr.Erich Demetz Beir\u00e4te: Spielenachmittag: Lisbeth G\u00fcttersberger Kegeln: Johann Benedikt Tanzen: Marianne Leiminger &#8230; <span class=\"more\"><a class=\"more-link\" href=\"https:\/\/www.seniorenbund-kufstein.at\/?page_id=33\">[Read more&#8230;]<\/a><\/span><\/p>\n","protected":false},"author":1,"featured_media":0,"parent":0,"menu_order":0,"comment_status":"closed","ping_status":"closed","template":"","meta":{"footnotes":""},"class_list":["entry","page","publish","author-wordpressadmin","post-33"],"jetpack_sharing_enabled":true,"jetpack_shortlink":"https:\/\/wp.me\/P7uHKo-x","amp_enabled":true,"_links":{"self":[{"href":"https:\/\/www.seniorenbund-kufstein.at\/index.php?rest_route=\/wp\/v2\/pages\/33","targetHints":{"allow":["GET"]}}],"collection":[{"href":"https:\/\/www.seniorenbund-kufstein.at\/index.php?rest_route=\/wp\/v2\/pages"}],"about":[{"href":"https:\/\/www.seniorenbund-kufstein.at\/index.php?rest_route=\/wp\/v2\/types\/page"}],"author":[{"embeddable":true,"href":"https:\/\/www.seniorenbund-kufstein.at\/index.php?rest_route=\/wp\/v2\/users\/1"}],"replies":[{"embeddable":true,"href":"https:\/\/www.seniorenbund-kufstein.at\/index.php?rest_route=%2Fwp%2Fv2%2Fcomments&post=33"}],"version-history":[{"count":60,"href":"https:\/\/www.seniorenbund-kufstein.at\/index.php?rest_route=\/wp\/v2\/pages\/33\/revisions"}],"predecessor-version":[{"id":3575,"href":"https:\/\/www.seniorenbund-kufstein.at\/index.php?rest_route=\/wp\/v2\/pages\/33\/revisions\/3575"}],"wp:attachment":[{"href":"https:\/\/www.seniorenbund-kufstein.at\/index.php?rest_route=%2Fwp%2Fv2%2Fmedia&parent=33"}],"curies":[{"name":"wp","href":"https:\/\/api.w.org\/{rel}","templated":true}]}}