{"id":3381,"date":"2022-11-26T09:23:48","date_gmt":"2022-11-26T08:23:48","guid":{"rendered":"https:\/\/www.seniorenbund-kufstein.at\/?page_id=3381"},"modified":"2026-01-11T19:56:44","modified_gmt":"2026-01-11T18:56:44","slug":"allg-infos-2","status":"publish","type":"page","link":"https:\/\/www.seniorenbund-kufstein.at\/?page_id=3381","title":{"rendered":"Allgemeine Infos"},"content":{"rendered":"\n\n\n<p><\/p>\n\n\n\n<figure class=\"wp-block-image size-full\"><img loading=\"lazy\" decoding=\"async\" width=\"334\" height=\"134\" src=\"https:\/\/www.seniorenbund-kufstein.at\/wp-content\/uploads\/2026\/01\/image.jpeg\" alt=\"\" class=\"wp-image-4001\" srcset=\"https:\/\/www.seniorenbund-kufstein.at\/wp-content\/uploads\/2026\/01\/image.jpeg 334w, https:\/\/www.seniorenbund-kufstein.at\/wp-content\/uploads\/2026\/01\/image-300x120.jpeg 300w\" sizes=\"auto, (max-width: 334px) 100vw, 334px\" \/><\/figure>\n\n\n\n<p><strong>Beilage zum INFOHEFT<br>G\u00fcltig von J\u00e4nner bis Juli 2026<\/strong><\/p>\n\n\n\n<p><strong><br><u>Allgemeine Informationen<\/u><\/strong><\/p>\n\n\n\n<p>Wir bitten euch, diese Informationen aufmerksam zu lesen.<\/p>\n\n\n\n<p><strong>Mitgliedsbeitr\u00e4ge:<\/strong><br>Der Mitgliedsbeitrag 2026 ist f\u00fcr Einzelmitglieder<strong> \u20ac 31,00<\/strong> und f\u00fcr<br>Paare<strong> \u20ac<\/strong> <strong>52<\/strong>,<strong>00<\/strong>. <strong><br>Den Mitgliedsbeitrag f\u00fcr 2026 bitte im J\u00e4nner 2026 einzahlen.<\/strong>&nbsp;&nbsp;&nbsp;&nbsp;&nbsp;&nbsp;&nbsp;&nbsp;&nbsp;&nbsp;&nbsp;&nbsp;&nbsp;&nbsp;&nbsp;&nbsp;&nbsp;&nbsp;&nbsp;<br>Im Mitgliedsbeitrag ist die Seniorenzeitung \u201eHORIZONTe\u201c, kostenlose Rechtsberatung und Telefonseelsorge inbegriffen.<\/p>\n\n\n\n<p><strong>Veranstaltungen:<\/strong><br>Das Programm, die jeweiligen Veranstaltungen sowie Datum und Uhrzeit kann man aus dem<strong> Infoheft,<\/strong> aus der<strong> Homepage<\/strong> <a href=\"https:\/\/www.seniorenbund-kufstein.at\/\">www.seniorenbund-kufstein.at<\/a> und aus unserem<strong> Schaukasten<\/strong> am Unteren Stadtplatz entnehmen.<\/p>\n\n\n\n<p><strong>Geburtstage und Hochzeitsjubil\u00e4en f\u00fcr das 1. Halbjahr 2026:<\/strong>Die Geburtstagsgr\u00fc\u00dfe f\u00fcr die halbrunden und runden Geburtstage ab 80,85,90.95,100 Jahren und die Gl\u00fcckw\u00fcnsche zu den Hochzeitsjubil\u00e4en erhaltet ihr per Post.<br>Wir laden euch zu dieser Feier am <strong>7. August 2026<\/strong> <strong>um<\/strong> <strong>15.00 Uhr im Gasthaus Lahnthaler<\/strong> zu Kaffee und Kuchen ein.<br>Wer daran teilnehmen will, meldet sich bei <strong>Kuni unter 0664-2099913<\/strong> an.&nbsp;&nbsp;&nbsp;&nbsp;&nbsp;&nbsp;&nbsp;&nbsp;&nbsp;&nbsp;&nbsp;&nbsp;&nbsp;&nbsp;&nbsp;&nbsp;&nbsp;&nbsp;&nbsp;&nbsp;&nbsp;&nbsp;&nbsp;&nbsp;&nbsp;&nbsp;&nbsp;&nbsp;&nbsp;&nbsp;&nbsp;&nbsp;&nbsp;&nbsp;&nbsp;&nbsp;&nbsp;&nbsp;&nbsp;&nbsp;&nbsp;&nbsp;&nbsp;&nbsp;&nbsp;&nbsp;&nbsp;&nbsp;&nbsp;&nbsp;&nbsp;&nbsp;&nbsp;&nbsp;&nbsp;&nbsp;&nbsp;&nbsp;&nbsp;&nbsp;&nbsp;&nbsp;&nbsp;&nbsp;&nbsp;&nbsp;&nbsp;&nbsp;&nbsp;&nbsp;&nbsp;&nbsp;&nbsp;&nbsp;&nbsp;&nbsp;&nbsp;&nbsp;&nbsp;&nbsp;&nbsp;&nbsp;&nbsp;&nbsp;&nbsp;&nbsp;&nbsp;&nbsp;&nbsp;&nbsp;&nbsp;&nbsp;&nbsp;&nbsp;&nbsp;&nbsp;&nbsp;&nbsp;&nbsp;&nbsp;&nbsp;&nbsp;&nbsp;&nbsp;&nbsp;<\/p>\n\n\n\n<p><strong>Ehrungen langj\u00e4hriger Mitglieder:<\/strong><br>Wer bereits 15, 20, 25, 30\u2026Jahre Mitglied des Seniorenbundes ist, erh\u00e4lt<br>anl\u00e4sslich der Jahreshauptversammlung eine Ehrung (Urkunde) durch den Landesverband.<\/p>\n\n\n\n<p><strong>\u00c4nderung von Telefonnummern und Wohnadressen:<\/strong><br>Wer eine <strong>neue Telefonnummer<\/strong> bzw. <strong>Handy-Nummer<\/strong> oder eine <strong>neue Adresse<\/strong> hat, den bitten wir, dies umgehend an Kuni Rauch <strong>Telefon 0664-2099913 <\/strong>mitzuteilen.<\/p>\n\n\n\n<p><strong>Aktuelle Mitteilungen und \u00c4nderungen:<\/strong><br>Um euch aktuelle und wichtige Mitteilungen rasch bekannt zu geben, haben wir eine What\u00b4s App-Gruppe, eine SMS-Gruppe und eine E-Mail- Gruppe eingerichtet.<\/p>\n\n\n\n<p><strong>Anmeldungen zu den Tagesfahrten:<\/strong><strong><br>Die Vergabe der Sitzpl\u00e4tze im Bus wird ausschlie\u00dflich vom Reiseb\u00fcro Wechselberger durchgef\u00fchrt.<u><br><\/u><\/strong>Bitte meldet euch ab dem angegebenen Anmeldedatum von 9.00 bis 12:00 Uhr beim B\u00fcro Wechselberger an.<br>Eine Person kann zus\u00e4tzlich drei weitere Personen anmelden. Es ist unbedingt notwendig, die Namen der Mitreisenden anzugeben. Die Reihung der Sitzpl\u00e4tze im Bus erfolgt durch das B\u00fcro Wechselberger nach dem jeweiligen Zeitpunkt der Anmeldung.<br>Grunds\u00e4tzlich bestellen wir einen 50-Sitzer-Bus. Bei einer gr\u00f6\u00dferen Teilnehmerzahl k\u00f6nnen wir je nach Verf\u00fcgbarkeit auf einen 58-Sitzer umbuchen.Wer einen <strong>Gast<\/strong> zu den Fahrten mitbringen m\u00f6chte, sollte das bitte <strong>mit Kuni absprechen<\/strong> (Telefon 0664-2099913), denn Nichtmitglieder k\u00f6nnen nur teilnehmen, wenn Restpl\u00e4tze vorhanden sind.<\/p>\n\n\n\n<p><strong>Mehrtagesreisen:<br>Ablauf, Organisation und die Vergabe der Sitzpl\u00e4tze im Bus werden ausschlie\u00dflich vom Reiseb\u00fcro Wechselberger durchgef\u00fchrt.<br><\/strong>Bei mehrt\u00e4gigen Reisen muss ein sehr fr\u00fcher Anmeldetermin angesetzt werden, da die Zimmer fr\u00fchzeitig reserviert werden m\u00fcssen.<br><strong>F\u00fcr Mehrtagesreisen gilt folgender Anmeldemodus:<\/strong>Man kann nur ein Einzelzimmer f\u00fcr sich selbst anmelden.<br>F\u00fcr Doppelzimmer gilt folgende Regelung: eine Person kann 3 weitere Personen im Doppelzimmer anmelden (d.h. h\u00f6chstens 2 Doppelzimmer).<\/p>\n\n\n\n<p><strong>Wir empfehlen euch unbedingt eine Reise- und Stornoversicherung abzuschlie\u00dfen.<\/strong><strong><br><\/strong><br><strong><br><br>Telefonische Anmeldungen k\u00f6nnen nicht ber\u00fccksichtigt werden.<br><\/strong><br><strong>Die Mitnahme eines Haustieres ist nicht m\u00f6glich.<br><br><\/strong><\/p>\n\n\n\n<p>Man kann sich von einer Tagesfahrt nur aus triftigen Gr\u00fcnden abmelden. Dies muss sp\u00e4testens bis zum Montag vor dem Reisetag bis 12:00 Uhr erfolgt sein. Abmeldung bei Kuni Rauch unter der Telefonnummer 0664-2099913.<\/p>\n\n\n\n<p>Bei Mehrtagesfahrten sind die Stornobedingungen zu beachten. Eine Abmeldung von der Reise kann nur beim Reiseb\u00fcro Wechselberger erfolgen.<\/p>\n\n\n\n<p>Mehrtagesreisen und Tagesfahrten k\u00f6nnen bei zu geringer Teilnehmerzahl vom Vorstand abgesagt werden.<br><br>Wir behalten uns vor, Programm\u00e4nderungen, Terminverschiebungen und die \u00c4nderung von Abfahrts- oder R\u00fcckfahrtzeiten vorzunehmen.<\/p>\n\n\n\n<p>Wenn es die<strong> Situation (z.B. bei Schlechtwetter) erfordert<\/strong>, k\u00f6nnen Wanderungen bzw. Tagesfahrten durch den Reiseleiter <strong>verschoben<\/strong> bzw.<strong>abgesagt<\/strong> werden.<br><br><strong>Kulturelle Veranstaltungen:<br><\/strong>Bei Fahrten zuKonzerten, Theater, Ausstellungen usw. muss ebenfalls ein fr\u00fcher Anmeldetermin erfolgen, denn die Kartenkontingente m\u00fcssen im Voraus bezahlt werden.<br>Neue Regelung beim Tiroler Landestheater: Tickets k\u00f6nnen bis 3 Tage vor der jeweiligen Auff\u00fchrung gegen eine Bearbeitungsgeb\u00fchr von \u20ac 5,00 zur\u00fcck gegeben werden.<br><br><strong>Fotos:<\/strong>Aufgrund der gesetzlichen Bestimmungen d\u00fcrfen Fotos unserer Mitglieder bei den Veranstaltungen und Reisen nur mit deren Zustimmung gemacht werden.<br>Diese Fotos d\u00fcrfen nur auf der Homepage, f\u00fcrs Infoheft, in der Horizontezeitung und im Schaukasten ver\u00f6ffentlicht werden.<br>Die Weitergabe der Fotos an Dritte (z.B. an soziale Medien) ist nicht gestattet. Im privaten Bereich k\u00f6nnen sie jedoch weitergegeben werden.<strong>Haftung:<\/strong><br><strong>Bei all unseren <\/strong>Veranstaltungen, Wanderungen, Fahrten und Reisen \u00fcbernimmt der Tiroler Seniorenbund<strong> keine<\/strong> <strong>HAFTUNG.<br><br>Besonders bei Wanderungen muss jeder Teilnehmer seine k\u00f6rperliche Fitness selbst realistisch einsch\u00e4tzen.<br><\/strong><br>Bitte nehmt auf alle F\u00e4lle zu<strong> jeder <\/strong>Tagesfahrt und Reise die <strong>E-Card<\/strong> mit und vergesst nicht auf <strong>Personalausweis oder Reisepass<\/strong>.&nbsp;<br>Auch die Mitnahme der <strong>Bankomatkarte bzw. Kreditkarte<\/strong> ist zu empfehlen!<\/p>\n\n\n\n<p>In Notf\u00e4llen k\u00f6nnt ihr den Reiseleiter unter 0664-2099913 am Handy erreichen.<br><br><\/p>\n\n\n\n<p><strong><u>Ein- bzw. Ausstiegsstellen<br><\/u><\/strong><strong>Die Ausstiegsstellen sind:<\/strong><\/p>\n\n\n\n<p><strong>Hochh\u00e4user Endach \u2013 Fachmarktzentrum &#8211; Seniorenheim Zell \u2013 B\u00fcro Wechselberger \u2013 Gericht \u2013 ehemalige Volksbank Sparchen \u2013 Hochh\u00e4user Feldgasse.<\/strong><\/p>\n\n\n\n<p>Bei <strong>mehrt\u00e4gigen Reisen<\/strong> sind <strong>Einstiegs- und Ausstiegsstelle immer beim B\u00fcro Wechselberger.<\/strong><\/p>\n\n\n\n<p>Wir hoffen, dass unsere Mitglieder durch unsere umsichtige Organisation eine angenehme und interessante Zeit bei allen Veranstaltungen und Aktivit\u00e4ten in unserer Gemeinschaft verbringen.<\/p>\n","protected":false},"excerpt":{"rendered":"<p>Beilage zum INFOHEFTG\u00fcltig von J\u00e4nner bis Juli 2026 Allgemeine Informationen Wir bitten euch, diese Informationen aufmerksam zu lesen. Mitgliedsbeitr\u00e4ge:Der Mitgliedsbeitrag 2026 ist f\u00fcr Einzelmitglieder \u20ac 31,00 und f\u00fcrPaare \u20ac 52,00. Den Mitgliedsbeitrag f\u00fcr 2026 bitte im J\u00e4nner 2026 einzahlen.&nbsp;&nbsp;&nbsp;&nbsp;&nbsp;&nbsp;&nbsp;&nbsp;&nbsp;&nbsp;&nbsp;&nbsp;&nbsp;&nbsp;&nbsp;&nbsp;&nbsp;&nbsp;&nbsp;Im Mitgliedsbeitrag ist die Seniorenzeitung \u201eHORIZONTe\u201c, kostenlose Rechtsberatung und Telefonseelsorge inbegriffen. Veranstaltungen:Das Programm, die jeweiligen Veranstaltungen sowie &#8230; <span class=\"more\"><a class=\"more-link\" href=\"https:\/\/www.seniorenbund-kufstein.at\/?page_id=3381\">[Read more&#8230;]<\/a><\/span><\/p>\n","protected":false},"author":2,"featured_media":0,"parent":0,"menu_order":0,"comment_status":"closed","ping_status":"closed","template":"","meta":{"footnotes":""},"class_list":["entry","page","publish","author-andhoe99","post-3381"],"jetpack_sharing_enabled":true,"jetpack_shortlink":"https:\/\/wp.me\/P7uHKo-Sx","amp_enabled":true,"_links":{"self":[{"href":"https:\/\/www.seniorenbund-kufstein.at\/index.php?rest_route=\/wp\/v2\/pages\/3381","targetHints":{"allow":["GET"]}}],"collection":[{"href":"https:\/\/www.seniorenbund-kufstein.at\/index.php?rest_route=\/wp\/v2\/pages"}],"about":[{"href":"https:\/\/www.seniorenbund-kufstein.at\/index.php?rest_route=\/wp\/v2\/types\/page"}],"author":[{"embeddable":true,"href":"https:\/\/www.seniorenbund-kufstein.at\/index.php?rest_route=\/wp\/v2\/users\/2"}],"replies":[{"embeddable":true,"href":"https:\/\/www.seniorenbund-kufstein.at\/index.php?rest_route=%2Fwp%2Fv2%2Fcomments&post=3381"}],"version-history":[{"count":20,"href":"https:\/\/www.seniorenbund-kufstein.at\/index.php?rest_route=\/wp\/v2\/pages\/3381\/revisions"}],"predecessor-version":[{"id":4002,"href":"https:\/\/www.seniorenbund-kufstein.at\/index.php?rest_route=\/wp\/v2\/pages\/3381\/revisions\/4002"}],"wp:attachment":[{"href":"https:\/\/www.seniorenbund-kufstein.at\/index.php?rest_route=%2Fwp%2Fv2%2Fmedia&parent=3381"}],"curies":[{"name":"wp","href":"https:\/\/api.w.org\/{rel}","templated":true}]}}