{"id":365,"date":"2017-01-26T13:32:59","date_gmt":"2017-01-26T12:32:59","guid":{"rendered":"http:\/\/www.seniorenbund-kufstein.at\/?page_id=365"},"modified":"2025-07-02T15:24:27","modified_gmt":"2025-07-02T13:24:27","slug":"aktuelles-2-2","status":"publish","type":"page","link":"https:\/\/www.seniorenbund-kufstein.at\/?page_id=365","title":{"rendered":"Aktuelles"},"content":{"rendered":"\n<p><\/p>\n\n\n\n<h2 class=\"wp-block-heading\">Hohe Geburtstage und Ehejubil\u00e4en am 08.August 2025<\/h2>\n\n\n\n<p>Am 8.August finden die Ehrungen f\u00fcr die \u00b0Hohen Geburtstage und Ehejubil\u00e4en&#8220; im Gasthof Lanthaler statt. Beginn: 15.00 Uhr. Wasti Egerbacher wird den Nachmittag musikalisch begleiten.<\/p>\n\n\n\n<h2 class=\"wp-block-heading\">Hohe Geburtstage und Ehejubil\u00e4en am 17.J\u00e4nner 2024<\/h2>\n\n\n\n<figure class=\"wp-block-image size-large\"><img loading=\"lazy\" decoding=\"async\" width=\"768\" height=\"1024\" src=\"https:\/\/www.seniorenbund-kufstein.at\/wp-content\/uploads\/2024\/02\/Hohe-Geburtstage-768x1024.jpg\" alt=\"\" class=\"wp-image-3737\" srcset=\"https:\/\/www.seniorenbund-kufstein.at\/wp-content\/uploads\/2024\/02\/Hohe-Geburtstage-768x1024.jpg 768w, https:\/\/www.seniorenbund-kufstein.at\/wp-content\/uploads\/2024\/02\/Hohe-Geburtstage-225x300.jpg 225w, https:\/\/www.seniorenbund-kufstein.at\/wp-content\/uploads\/2024\/02\/Hohe-Geburtstage-1152x1536.jpg 1152w, https:\/\/www.seniorenbund-kufstein.at\/wp-content\/uploads\/2024\/02\/Hohe-Geburtstage-1536x2048.jpg 1536w, https:\/\/www.seniorenbund-kufstein.at\/wp-content\/uploads\/2024\/02\/Hohe-Geburtstage-scaled.jpg 1920w\" sizes=\"auto, (max-width: 768px) 100vw, 768px\" \/><figcaption class=\"wp-element-caption\">Gem\u00fctliche Runde bei den Hohen Geburtstagen und Ehejubil\u00e4en. 40 Jubilare nahmen an der Feier teil.<\/figcaption><\/figure>\n\n\n\n<h2 class=\"wp-block-heading\">Tolle Modenschau am 19.04.2023<\/h2>\n\n\n\n<figure class=\"wp-block-image size-large is-resized\"><img loading=\"lazy\" decoding=\"async\" width=\"1024\" height=\"768\" src=\"https:\/\/www.seniorenbund-kufstein.at\/wp-content\/uploads\/2023\/04\/Modenschau-1024x768.jpg\" alt=\"\" class=\"wp-image-3472\" style=\"width:840px;height:630px\" srcset=\"https:\/\/www.seniorenbund-kufstein.at\/wp-content\/uploads\/2023\/04\/Modenschau-1024x768.jpg 1024w, https:\/\/www.seniorenbund-kufstein.at\/wp-content\/uploads\/2023\/04\/Modenschau-300x225.jpg 300w, https:\/\/www.seniorenbund-kufstein.at\/wp-content\/uploads\/2023\/04\/Modenschau-768x576.jpg 768w, https:\/\/www.seniorenbund-kufstein.at\/wp-content\/uploads\/2023\/04\/Modenschau-1536x1152.jpg 1536w, https:\/\/www.seniorenbund-kufstein.at\/wp-content\/uploads\/2023\/04\/Modenschau.jpg 2048w\" sizes=\"auto, (max-width: 1024px) 100vw, 1024px\" \/><figcaption class=\"wp-element-caption\">Unsere Moderatorinnen Rosi und Anni<\/figcaption><\/figure>\n\n\n\n<h2 class=\"wp-block-heading\">Unsere Modenschau am 19.04.2023 im Stadtsaal Andreas-Hofer<\/h2>\n\n\n\n<p>Hervorragende Stimmung, voll besetzter Saal, 210 Senioren:innen, davon 70 Senioren von der Ortsgruppe Imst, zahlreiche Ehreng\u00e4ste. Unsere Models f\u00fchrten mit go\u00dfer &#8222;Grandezza&#8220; Mode von Feucht und Sportmode von Schuwiedu aus Oberaudorf vor. Die Veranstaltung war hervorragend organisiert und professionell von Anni und Rosi moderriert. Viele unserer Mitglieder haben tatkr\u00e4ftig mitgewirkt. Nur so l\u00e4\u00dft sich eine Veranstaltung dieser Gr\u00f6\u00dfenordnung erfolgreich durchf\u00fchren. Mein besonderer Dank gilt allen Beteiligten. <\/p>\n\n\n\n<h2 class=\"wp-block-heading\">Die EU-Abgeordnete Barbara Thaler beim Kufsteiner Seniorenbund am 20.Juli 2022<\/h2>\n\n\n\n<figure class=\"wp-block-gallery has-nested-images columns-default is-cropped wp-block-gallery-1 is-layout-flex wp-block-gallery-is-layout-flex\">\n<figure class=\"wp-block-image size-large\"><img loading=\"lazy\" decoding=\"async\" width=\"1024\" height=\"684\" data-id=\"3255\" src=\"https:\/\/www.seniorenbund-kufstein.at\/wp-content\/uploads\/2022\/08\/DSC1142.jpg-MV-Barbara-Thaler-1024x684.jpg\" alt=\"\" class=\"wp-image-3255\" srcset=\"https:\/\/www.seniorenbund-kufstein.at\/wp-content\/uploads\/2022\/08\/DSC1142.jpg-MV-Barbara-Thaler-1024x684.jpg 1024w, https:\/\/www.seniorenbund-kufstein.at\/wp-content\/uploads\/2022\/08\/DSC1142.jpg-MV-Barbara-Thaler-300x200.jpg 300w, https:\/\/www.seniorenbund-kufstein.at\/wp-content\/uploads\/2022\/08\/DSC1142.jpg-MV-Barbara-Thaler-768x513.jpg 768w, https:\/\/www.seniorenbund-kufstein.at\/wp-content\/uploads\/2022\/08\/DSC1142.jpg-MV-Barbara-Thaler-1536x1025.jpg 1536w, https:\/\/www.seniorenbund-kufstein.at\/wp-content\/uploads\/2022\/08\/DSC1142.jpg-MV-Barbara-Thaler-2048x1367.jpg 2048w\" sizes=\"auto, (max-width: 1024px) 100vw, 1024px\" \/><figcaption class=\"wp-element-caption\">Barbara Thaler mit Obmann und Ehreng\u00e4sten<\/figcaption><\/figure>\n<\/figure>\n\n\n\n<p>Monatsversammlung am 20. Juli 2022 mit Barbara Thaler im Festsaal der FH. Wir wurden \u00fcber ihre T\u00e4tigkeit in Br\u00fcssel informiert. Es war ein sehr informativer Nachmittag. Auch die anschlie\u00dfende Diskussion mit unseren Mitgliedern war sehr interessant!<\/p>\n\n\n\n<p><\/p>\n\n\n\n<p><\/p>\n\n\n\n<h2 class=\"wp-block-heading\">Lockdown ab 22.11.2021<\/h2>\n\n\n\n<p>Die Bundesregierung hat mit 22.11.2021 einen neuerlichen Lockdown f\u00fcr das gesamte Bundesgebiet angeordnet.Diese Verordnung gilt bis zum 13.12.2021,kann aber auch noch verl\u00e4ngert werden, falls die Zahl der Neuinfektionen nicht drastisch sinken sollte. Aus diesem Grund haben wir leider  ALLE VERANSTALTUNGEN absagen m\u00fcssen. Wenn der Lockdown tats\u00e4chlich am 13.12.2021 beendet ist, k\u00f6nnten wir wenigstens unsere Sonderveranstaltungen Kegeln und Tanzen durchf\u00fchren!!!<\/p>\n\n\n\n<p>Das Wichtigste aber&#8211;Bleibt gesund!!    <\/p>\n\n\n\n<h2 class=\"wp-block-heading\">Das neue Vorstandsteam<\/h2>\n\n\n\n<figure class=\"wp-block-image size-large\"><img loading=\"lazy\" decoding=\"async\" width=\"1024\" height=\"647\" src=\"https:\/\/www.seniorenbund-kufstein.at\/wp-content\/uploads\/2021\/10\/H4355-1024x647.jpg\" alt=\"\" class=\"wp-image-2978\" srcset=\"https:\/\/www.seniorenbund-kufstein.at\/wp-content\/uploads\/2021\/10\/H4355-1024x647.jpg 1024w, https:\/\/www.seniorenbund-kufstein.at\/wp-content\/uploads\/2021\/10\/H4355-300x189.jpg 300w, https:\/\/www.seniorenbund-kufstein.at\/wp-content\/uploads\/2021\/10\/H4355-768x485.jpg 768w, https:\/\/www.seniorenbund-kufstein.at\/wp-content\/uploads\/2021\/10\/H4355-1536x970.jpg 1536w, https:\/\/www.seniorenbund-kufstein.at\/wp-content\/uploads\/2021\/10\/H4355-2048x1293.jpg 2048w\" sizes=\"auto, (max-width: 1024px) 100vw, 1024px\" \/><figcaption class=\"wp-element-caption\">Das &#8222;neue Vorstandsteam&#8220; mit den Ehreng\u00e4sten<\/figcaption><\/figure>\n\n\n\n<h2 class=\"wp-block-heading\">Die langj\u00e4hrigen Mitglieder der Ortsgruppe Kufstein<\/h2>\n\n\n\n<figure class=\"wp-block-image size-large\"><img loading=\"lazy\" decoding=\"async\" width=\"1024\" height=\"647\" src=\"https:\/\/www.seniorenbund-kufstein.at\/wp-content\/uploads\/2021\/10\/Q4452-1024x647.jpg\" alt=\"\" class=\"wp-image-2988\" srcset=\"https:\/\/www.seniorenbund-kufstein.at\/wp-content\/uploads\/2021\/10\/Q4452-1024x647.jpg 1024w, https:\/\/www.seniorenbund-kufstein.at\/wp-content\/uploads\/2021\/10\/Q4452-300x189.jpg 300w, https:\/\/www.seniorenbund-kufstein.at\/wp-content\/uploads\/2021\/10\/Q4452-768x485.jpg 768w, https:\/\/www.seniorenbund-kufstein.at\/wp-content\/uploads\/2021\/10\/Q4452-1536x970.jpg 1536w, https:\/\/www.seniorenbund-kufstein.at\/wp-content\/uploads\/2021\/10\/Q4452-2048x1293.jpg 2048w\" sizes=\"auto, (max-width: 1024px) 100vw, 1024px\" \/><figcaption class=\"wp-element-caption\">Die Jubilare mit LO Patricia Zoller-Frischauf und dem&#8220;alten und neuen Vorstand&#8220;<\/figcaption><\/figure>\n\n\n\n<h2 class=\"wp-block-heading\">DIE NEUESTEN INFOS AB 01. JUNI IM SCHAUKASTEN AM UNTEREN STADTPLATZ <\/h2>\n\n\n\n<p>Zus\u00e4tzlich zu unserer Home-Page finden sie alles Wissenswertes \u00fcber uns im Schaukasten am unteren Stadtplatz<\/p>\n\n\n\n<p><\/p>\n\n\n\n<h2 class=\"wp-block-heading\">Hohe Geburtstage 10.Juli 2020<\/h2>\n\n\n\n<figure class=\"wp-block-image size-large\"><img loading=\"lazy\" decoding=\"async\" width=\"1024\" height=\"768\" src=\"https:\/\/www.seniorenbund-kufstein.at\/wp-content\/uploads\/2020\/07\/DSCN9715.JPG-Hohe-geburtstage-13.07.22020-1-1024x768.jpg\" alt=\"\" class=\"wp-image-2726\" srcset=\"https:\/\/www.seniorenbund-kufstein.at\/wp-content\/uploads\/2020\/07\/DSCN9715.JPG-Hohe-geburtstage-13.07.22020-1-1024x768.jpg 1024w, https:\/\/www.seniorenbund-kufstein.at\/wp-content\/uploads\/2020\/07\/DSCN9715.JPG-Hohe-geburtstage-13.07.22020-1-300x225.jpg 300w, https:\/\/www.seniorenbund-kufstein.at\/wp-content\/uploads\/2020\/07\/DSCN9715.JPG-Hohe-geburtstage-13.07.22020-1-768x576.jpg 768w, https:\/\/www.seniorenbund-kufstein.at\/wp-content\/uploads\/2020\/07\/DSCN9715.JPG-Hohe-geburtstage-13.07.22020-1-1536x1152.jpg 1536w, https:\/\/www.seniorenbund-kufstein.at\/wp-content\/uploads\/2020\/07\/DSCN9715.JPG-Hohe-geburtstage-13.07.22020-1-2048x1536.jpg 2048w\" sizes=\"auto, (max-width: 1024px) 100vw, 1024px\" \/><figcaption class=\"wp-element-caption\">Unsere Jubilare mit Edith und Sieglinde<\/figcaption><\/figure>\n\n\n\n<figure class=\"wp-block-image size-large\"><img loading=\"lazy\" decoding=\"async\" width=\"1024\" height=\"768\" src=\"https:\/\/www.seniorenbund-kufstein.at\/wp-content\/uploads\/2020\/07\/DSCN9697.JPG-hr.-berger-1024x768.jpg\" alt=\"\" class=\"wp-image-2728\" srcset=\"https:\/\/www.seniorenbund-kufstein.at\/wp-content\/uploads\/2020\/07\/DSCN9697.JPG-hr.-berger-1024x768.jpg 1024w, https:\/\/www.seniorenbund-kufstein.at\/wp-content\/uploads\/2020\/07\/DSCN9697.JPG-hr.-berger-300x225.jpg 300w, https:\/\/www.seniorenbund-kufstein.at\/wp-content\/uploads\/2020\/07\/DSCN9697.JPG-hr.-berger-768x576.jpg 768w, https:\/\/www.seniorenbund-kufstein.at\/wp-content\/uploads\/2020\/07\/DSCN9697.JPG-hr.-berger-1536x1152.jpg 1536w, https:\/\/www.seniorenbund-kufstein.at\/wp-content\/uploads\/2020\/07\/DSCN9697.JPG-hr.-berger-2048x1536.jpg 2048w\" sizes=\"auto, (max-width: 1024px) 100vw, 1024px\" \/><figcaption class=\"wp-element-caption\">Edith und Marianne mit dem Zither-Virtuosen Hans Berger<\/figcaption><\/figure>\n\n\n\n<figure class=\"wp-block-image size-large\"><img loading=\"lazy\" decoding=\"async\" width=\"768\" height=\"1024\" src=\"https:\/\/www.seniorenbund-kufstein.at\/wp-content\/uploads\/2020\/07\/DSCN9718.JPG-Unsere-90-ziger-768x1024.jpg\" alt=\"\" class=\"wp-image-2730\" srcset=\"https:\/\/www.seniorenbund-kufstein.at\/wp-content\/uploads\/2020\/07\/DSCN9718.JPG-Unsere-90-ziger-768x1024.jpg 768w, https:\/\/www.seniorenbund-kufstein.at\/wp-content\/uploads\/2020\/07\/DSCN9718.JPG-Unsere-90-ziger-225x300.jpg 225w, https:\/\/www.seniorenbund-kufstein.at\/wp-content\/uploads\/2020\/07\/DSCN9718.JPG-Unsere-90-ziger-1152x1536.jpg 1152w, https:\/\/www.seniorenbund-kufstein.at\/wp-content\/uploads\/2020\/07\/DSCN9718.JPG-Unsere-90-ziger-1536x2048.jpg 1536w, https:\/\/www.seniorenbund-kufstein.at\/wp-content\/uploads\/2020\/07\/DSCN9718.JPG-Unsere-90-ziger-scaled.jpg 1920w\" sizes=\"auto, (max-width: 768px) 100vw, 768px\" \/><figcaption class=\"wp-element-caption\">Unsere r\u00fcstigen&#8220; Neunziger&#8220;<\/figcaption><\/figure>\n\n\n\n<h2 class=\"wp-block-heading\">Lockerung der COVID-19 Ma\u00dfnahmen<\/h2>\n\n\n\n<p>Ab Juni 2020 d\u00fcrfen kleinere Veranstaltungen wieder durchgef\u00fchrt werden, z.B. TANZEN mit ALEX und ZABINE. Tagesausfl\u00fcge innerhalb \u00d6STERREICHS d\u00fcrfen ebenfalls ab September 2020 wieder stattfinden!!<\/p>\n\n\n\n<h1 class=\"wp-block-heading\">Absage aller Veranstaltungen<\/h1>\n\n\n\n<p>Auf Grund des CORONA-VIRUS m\u00fcssen wir leider alle Veranstaltungen und Reisen bis zum 30. Juni 2020 absagen. Wie es weiter gehen soll, werden wir euch Anfang Juli mitteilen. Bis dahin bleib&#8217;t gsund!!<\/p>\n\n\n\n<h2 class=\"wp-block-heading\">Monatsversammlung am 4.M\u00e4rz und Tagesausflug zu den Orchideenwelten\/Gargazon am 25.M\u00e4rz 2020 abgesagt:<\/h2>\n\n\n\n<p>Auf Grund des CORONA-VIRUS m\u00fcssen die beiden Veranstaltungen abgesagt werden! Der Tagesausflug zu den Orchideenwelten wird ev. im Herbst 2020 nachgeholt.<\/p>\n\n\n\n<h3 class=\"wp-block-heading\">Diamantene und Goldene Hochzeitspaare 2020<\/h3>\n\n\n\n<figure class=\"wp-block-image size-large\"><img loading=\"lazy\" decoding=\"async\" width=\"1024\" height=\"576\" src=\"https:\/\/www.seniorenbund-kufstein.at\/wp-content\/uploads\/2020\/02\/2020-01-24-Re.-Lanth.-Senioren-2-1024x576.jpg\" alt=\"\" class=\"wp-image-2629\" srcset=\"https:\/\/www.seniorenbund-kufstein.at\/wp-content\/uploads\/2020\/02\/2020-01-24-Re.-Lanth.-Senioren-2-1024x576.jpg 1024w, https:\/\/www.seniorenbund-kufstein.at\/wp-content\/uploads\/2020\/02\/2020-01-24-Re.-Lanth.-Senioren-2-300x169.jpg 300w, https:\/\/www.seniorenbund-kufstein.at\/wp-content\/uploads\/2020\/02\/2020-01-24-Re.-Lanth.-Senioren-2-768x432.jpg 768w, https:\/\/www.seniorenbund-kufstein.at\/wp-content\/uploads\/2020\/02\/2020-01-24-Re.-Lanth.-Senioren-2-1536x864.jpg 1536w, https:\/\/www.seniorenbund-kufstein.at\/wp-content\/uploads\/2020\/02\/2020-01-24-Re.-Lanth.-Senioren-2.jpg 1920w\" sizes=\"auto, (max-width: 1024px) 100vw, 1024px\" \/><figcaption class=\"wp-element-caption\">Unsere Jubelpaare bei der Feier im Gasthof Lanthaler am 23.01.2020<\/figcaption><\/figure>\n\n\n\n<h3 class=\"wp-block-heading\">Hohe Geburtstage 2019<\/h3>\n\n\n\n<figure class=\"wp-block-image size-large\"><img loading=\"lazy\" decoding=\"async\" width=\"1024\" height=\"768\" src=\"https:\/\/www.seniorenbund-kufstein.at\/wp-content\/uploads\/2020\/01\/DSCN9988.JPG-Hohe-Geburtstage-2019-1-1024x768.jpg\" alt=\"\" class=\"wp-image-2609\" srcset=\"https:\/\/www.seniorenbund-kufstein.at\/wp-content\/uploads\/2020\/01\/DSCN9988.JPG-Hohe-Geburtstage-2019-1-1024x768.jpg 1024w, https:\/\/www.seniorenbund-kufstein.at\/wp-content\/uploads\/2020\/01\/DSCN9988.JPG-Hohe-Geburtstage-2019-1-300x225.jpg 300w, https:\/\/www.seniorenbund-kufstein.at\/wp-content\/uploads\/2020\/01\/DSCN9988.JPG-Hohe-Geburtstage-2019-1-768x576.jpg 768w, https:\/\/www.seniorenbund-kufstein.at\/wp-content\/uploads\/2020\/01\/DSCN9988.JPG-Hohe-Geburtstage-2019-1-1536x1152.jpg 1536w, https:\/\/www.seniorenbund-kufstein.at\/wp-content\/uploads\/2020\/01\/DSCN9988.JPG-Hohe-Geburtstage-2019-1-2048x1536.jpg 2048w\" sizes=\"auto, (max-width: 1024px) 100vw, 1024px\" \/><figcaption class=\"wp-element-caption\">Hohe Geburtstage 23.12. 2019 mit demVorstand <\/figcaption><\/figure>\n\n\n\n<p><\/p>\n\n\n\n<h2 class=\"wp-block-heading\">Hohe Geburtstagsfeier am 28.06.2019<\/h2>\n\n\n\n<figure class=\"wp-block-image\"><img loading=\"lazy\" decoding=\"async\" width=\"1024\" height=\"768\" src=\"https:\/\/www.seniorenbund-kufstein.at\/wp-content\/uploads\/2019\/07\/DSCN9859.JPG-Geburtstage-1024x768.jpg\" alt=\"\" class=\"wp-image-2412\" srcset=\"https:\/\/www.seniorenbund-kufstein.at\/wp-content\/uploads\/2019\/07\/DSCN9859.JPG-Geburtstage-1024x768.jpg 1024w, https:\/\/www.seniorenbund-kufstein.at\/wp-content\/uploads\/2019\/07\/DSCN9859.JPG-Geburtstage-300x225.jpg 300w, https:\/\/www.seniorenbund-kufstein.at\/wp-content\/uploads\/2019\/07\/DSCN9859.JPG-Geburtstage-768x576.jpg 768w\" sizes=\"auto, (max-width: 1024px) 100vw, 1024px\" \/><figcaption class=\"wp-element-caption\">Unsere Geburtstagskinder mit Edith und Sieglinde<\/figcaption><\/figure>\n\n\n\n<p>Gem\u00fctliche Geburtstagsfeier im Lanthalerhof. F\u00fcr die musikalische Unterhaltung sorgten die &#8222;Stadtwerkebuam&#8220;. Bei Kaffee und Kuchen geno\u00dfen unsere Geburtstagskinder den Nachmittag.<\/p>\n\n\n\n<h2 class=\"wp-block-heading\"><\/h2>\n","protected":false},"excerpt":{"rendered":"<p>Hohe Geburtstage und Ehejubil\u00e4en am 08.August 2025 Am 8.August finden die Ehrungen f\u00fcr die \u00b0Hohen Geburtstage und Ehejubil\u00e4en&#8220; im Gasthof Lanthaler statt. Beginn: 15.00 Uhr. Wasti Egerbacher wird den Nachmittag musikalisch begleiten. Hohe Geburtstage und Ehejubil\u00e4en am 17.J\u00e4nner 2024 Tolle Modenschau am 19.04.2023 Unsere Modenschau am 19.04.2023 im Stadtsaal Andreas-Hofer Hervorragende Stimmung, voll besetzter Saal, &#8230; <span class=\"more\"><a class=\"more-link\" href=\"https:\/\/www.seniorenbund-kufstein.at\/?page_id=365\">[Read more&#8230;]<\/a><\/span><\/p>\n","protected":false},"author":1,"featured_media":0,"parent":0,"menu_order":0,"comment_status":"closed","ping_status":"closed","template":"","meta":{"footnotes":""},"class_list":["entry","page","publish","author-wordpressadmin","post-365"],"jetpack_sharing_enabled":true,"jetpack_shortlink":"https:\/\/wp.me\/P7uHKo-5T","amp_enabled":true,"_links":{"self":[{"href":"https:\/\/www.seniorenbund-kufstein.at\/index.php?rest_route=\/wp\/v2\/pages\/365","targetHints":{"allow":["GET"]}}],"collection":[{"href":"https:\/\/www.seniorenbund-kufstein.at\/index.php?rest_route=\/wp\/v2\/pages"}],"about":[{"href":"https:\/\/www.seniorenbund-kufstein.at\/index.php?rest_route=\/wp\/v2\/types\/page"}],"author":[{"embeddable":true,"href":"https:\/\/www.seniorenbund-kufstein.at\/index.php?rest_route=\/wp\/v2\/users\/1"}],"replies":[{"embeddable":true,"href":"https:\/\/www.seniorenbund-kufstein.at\/index.php?rest_route=%2Fwp%2Fv2%2Fcomments&post=365"}],"version-history":[{"count":62,"href":"https:\/\/www.seniorenbund-kufstein.at\/index.php?rest_route=\/wp\/v2\/pages\/365\/revisions"}],"predecessor-version":[{"id":3943,"href":"https:\/\/www.seniorenbund-kufstein.at\/index.php?rest_route=\/wp\/v2\/pages\/365\/revisions\/3943"}],"wp:attachment":[{"href":"https:\/\/www.seniorenbund-kufstein.at\/index.php?rest_route=%2Fwp%2Fv2%2Fmedia&parent=365"}],"curies":[{"name":"wp","href":"https:\/\/api.w.org\/{rel}","templated":true}]}}